{"id":176,"date":"2020-03-25T04:08:34","date_gmt":"2020-03-25T04:08:34","guid":{"rendered":"https:\/\/jdsoporte.net\/?page_id=176"},"modified":"2021-06-09T13:20:12","modified_gmt":"2021-06-09T13:20:12","slug":"galeria","status":"publish","type":"page","link":"https:\/\/jdsoporte.net\/index.php\/sobre-nosotros\/galeria\/","title":{"rendered":"Cobertura"},"content":{"rendered":"<p>Contamos con una amplia cobertura a nivel nacional nuestra <strong>oficina principal<\/strong> en la ciudad de <b>Bogot\u00e1, <\/b>llegando con nuestros m\u00e1s de 12 servicios a ciudades y Municipios en <strong>Colombia<\/strong> como <b>Cartagena, Barranquilla, Santa Marta, Monter\u00eda, Valledupar, Bucaramanga, Vel\u00e9z, Medell\u00edn, Envigado, Itag\u00fc\u00ed, Rionegro, Pereira, Caldas, Quind\u00edo, Cali, Casanare, Villavicencio, Cundinamarca.<\/b><\/p>\n<p>A nivel internacional contamos con nuestra sede en <strong>Doral, Miami &#8211; Dade en Florida, Estados Unidos<\/strong>.\u00a0<a href=\"https:\/\/jdspecialist.com\/\">https:\/\/jdspecialist.com\/<\/a><img loading=\"lazy\" class=\"alignnone wp-image-590 size-full\" src=\"https:\/\/jdsoporte.net\/wp-content\/uploads\/2021\/06\/Mapa-JD-1.jpg\" alt=\"\" width=\"947\" height=\"536\" srcset=\"https:\/\/jdsoporte.net\/wp-content\/uploads\/2021\/06\/Mapa-JD-1.jpg 947w, https:\/\/jdsoporte.net\/wp-content\/uploads\/2021\/06\/Mapa-JD-1-300x170.jpg 300w, https:\/\/jdsoporte.net\/wp-content\/uploads\/2021\/06\/Mapa-JD-1-768x435.jpg 768w\" sizes=\"(max-width: 947px) 100vw, 947px\" \/><\/p>\n","protected":false},"excerpt":{"rendered":"<p>Contamos con una amplia cobertura a nivel nacional nuestra oficina principal en la ciudad de Bogot\u00e1, llegando con nuestros m\u00e1s de 12 servicios a ciudades y Municipios en Colombia como Cartagena, Barranquilla, Santa Marta, Monter\u00eda, Valledupar, Bucaramanga, Vel\u00e9z, Medell\u00edn, Envigado, Itag\u00fc\u00ed, Rionegro, Pereira, Caldas, Quind\u00edo, Cali, Casanare, Villavicencio, Cundinamarca. A nivel internacional contamos con nuestra sede en Doral, Miami &#8211; Dade en Florida, Estados Unidos.\u00a0https:\/\/jdspecialist.com\/<\/p>\n","protected":false},"author":1,"featured_media":0,"parent":72,"menu_order":4,"comment_status":"closed","ping_status":"closed","template":"page-templates\/template-full-width.php","meta":[],"yoast_head":"<!-- This site is optimized with the Yoast SEO plugin v19.7.1 - https:\/\/yoast.com\/wordpress\/plugins\/seo\/ -->\n<title>Cobertura - JD SPECIALIST - Servicios de TI<\/title>\n<meta name=\"robots\" content=\"index, follow, max-snippet:-1, max-image-preview:large, max-video-preview:-1\" \/>\n<link rel=\"canonical\" href=\"https:\/\/jdsoporte.net\/index.php\/sobre-nosotros\/galeria\/\" \/>\n<meta property=\"og:locale\" content=\"es_ES\" \/>\n<meta property=\"og:type\" content=\"article\" \/>\n<meta property=\"og:title\" content=\"Cobertura - JD SPECIALIST - Servicios de TI\" \/>\n<meta property=\"og:description\" content=\"Contamos con una amplia cobertura a nivel nacional nuestra oficina principal en la ciudad de Bogot\u00e1, llegando con nuestros m\u00e1s de 12 servicios a ciudades y Municipios en Colombia como Cartagena, Barranquilla, Santa Marta, Monter\u00eda, Valledupar, Bucaramanga, Vel\u00e9z, Medell\u00edn, Envigado, Itag\u00fc\u00ed, Rionegro, Pereira, Caldas, Quind\u00edo, Cali, Casanare, Villavicencio, Cundinamarca. A nivel internacional contamos con nuestra sede en Doral, Miami &#8211; Dade en Florida, Estados Unidos.\u00a0https:\/\/jdspecialist.com\/\" \/>\n<meta property=\"og:url\" content=\"https:\/\/jdsoporte.net\/index.php\/sobre-nosotros\/galeria\/\" \/>\n<meta property=\"og:site_name\" content=\"JD SPECIALIST - Servicios de TI\" \/>\n<meta property=\"article:publisher\" content=\"https:\/\/www.facebook.com\/pg\/jdsupportit\/posts\/?ref=page_internal\" \/>\n<meta property=\"article:modified_time\" content=\"2021-06-09T13:20:12+00:00\" \/>\n<meta property=\"og:image\" content=\"https:\/\/jdsoporte.net\/wp-content\/uploads\/2021\/06\/Mapa-JD-1.jpg\" \/>\n<meta name=\"twitter:card\" content=\"summary_large_image\" \/>\n<meta name=\"twitter:site\" content=\"@JDSUPPORTIT\" \/>\n<meta name=\"twitter:label1\" content=\"Tiempo estimado de lectura\" \/>\n\t<meta name=\"twitter:data1\" content=\"1 minuto\" \/>\n<script type=\"application\/ld+json\" class=\"yoast-schema-graph\">{\"@context\":\"https:\/\/schema.org\",\"@graph\":[{\"@type\":\"WebPage\",\"@id\":\"https:\/\/jdsoporte.net\/index.php\/sobre-nosotros\/galeria\/\",\"url\":\"https:\/\/jdsoporte.net\/index.php\/sobre-nosotros\/galeria\/\",\"name\":\"Cobertura - JD SPECIALIST - Servicios de TI\",\"isPartOf\":{\"@id\":\"https:\/\/jdsoporte.net\/#website\"},\"datePublished\":\"2020-03-25T04:08:34+00:00\",\"dateModified\":\"2021-06-09T13:20:12+00:00\",\"breadcrumb\":{\"@id\":\"https:\/\/jdsoporte.net\/index.php\/sobre-nosotros\/galeria\/#breadcrumb\"},\"inLanguage\":\"es-CO\",\"potentialAction\":[{\"@type\":\"ReadAction\",\"target\":[\"https:\/\/jdsoporte.net\/index.php\/sobre-nosotros\/galeria\/\"]}]},{\"@type\":\"BreadcrumbList\",\"@id\":\"https:\/\/jdsoporte.net\/index.php\/sobre-nosotros\/galeria\/#breadcrumb\",\"itemListElement\":[{\"@type\":\"ListItem\",\"position\":1,\"name\":\"Home\",\"item\":\"https:\/\/jdsoporte.net\/\"},{\"@type\":\"ListItem\",\"position\":2,\"name\":\"Sobre Nosotros\",\"item\":\"https:\/\/jdsoporte.net\/index.php\/sobre-nosotros\/\"},{\"@type\":\"ListItem\",\"position\":3,\"name\":\"Cobertura\"}]},{\"@type\":\"WebSite\",\"@id\":\"https:\/\/jdsoporte.net\/#website\",\"url\":\"https:\/\/jdsoporte.net\/\",\"name\":\"JD SPECIALIST\",\"description\":\"\",\"publisher\":{\"@id\":\"https:\/\/jdsoporte.net\/#organization\"},\"potentialAction\":[{\"@type\":\"SearchAction\",\"target\":{\"@type\":\"EntryPoint\",\"urlTemplate\":\"https:\/\/jdsoporte.net\/?s={search_term_string}\"},\"query-input\":\"required name=search_term_string\"}],\"inLanguage\":\"es-CO\"},{\"@type\":\"Organization\",\"@id\":\"https:\/\/jdsoporte.net\/#organization\",\"name\":\"JD SPECIALIST SAS\",\"url\":\"https:\/\/jdsoporte.net\/\",\"sameAs\":[\"https:\/\/www.instagram.com\/jdsupportit\/?hl=es\",\"https:\/\/www.facebook.com\/pg\/jdsupportit\/posts\/?ref=page_internal\",\"https:\/\/twitter.com\/JDSUPPORTIT\"],\"logo\":{\"@type\":\"ImageObject\",\"inLanguage\":\"es-CO\",\"@id\":\"https:\/\/jdsoporte.net\/#\/schema\/logo\/image\/\",\"url\":\"https:\/\/jdsoporte.net\/wp-content\/uploads\/2021\/03\/LOGO-PRUEBA-2.png\",\"contentUrl\":\"https:\/\/jdsoporte.net\/wp-content\/uploads\/2021\/03\/LOGO-PRUEBA-2.png\",\"width\":170,\"height\":117,\"caption\":\"JD SPECIALIST SAS\"},\"image\":{\"@id\":\"https:\/\/jdsoporte.net\/#\/schema\/logo\/image\/\"}}]}<\/script>\n<!-- \/ Yoast SEO plugin. -->","yoast_head_json":{"title":"Cobertura - JD SPECIALIST - Servicios de TI","robots":{"index":"index","follow":"follow","max-snippet":"max-snippet:-1","max-image-preview":"max-image-preview:large","max-video-preview":"max-video-preview:-1"},"canonical":"https:\/\/jdsoporte.net\/index.php\/sobre-nosotros\/galeria\/","og_locale":"es_ES","og_type":"article","og_title":"Cobertura - JD SPECIALIST - Servicios de TI","og_description":"Contamos con una amplia cobertura a nivel nacional nuestra oficina principal en la ciudad de Bogot\u00e1, llegando con nuestros m\u00e1s de 12 servicios a ciudades y Municipios en Colombia como Cartagena, Barranquilla, Santa Marta, Monter\u00eda, Valledupar, Bucaramanga, Vel\u00e9z, Medell\u00edn, Envigado, Itag\u00fc\u00ed, Rionegro, Pereira, Caldas, Quind\u00edo, Cali, Casanare, Villavicencio, Cundinamarca. A nivel internacional contamos con nuestra sede en Doral, Miami &#8211; Dade en Florida, Estados Unidos.\u00a0https:\/\/jdspecialist.com\/","og_url":"https:\/\/jdsoporte.net\/index.php\/sobre-nosotros\/galeria\/","og_site_name":"JD SPECIALIST - Servicios de TI","article_publisher":"https:\/\/www.facebook.com\/pg\/jdsupportit\/posts\/?ref=page_internal","article_modified_time":"2021-06-09T13:20:12+00:00","og_image":[{"url":"https:\/\/jdsoporte.net\/wp-content\/uploads\/2021\/06\/Mapa-JD-1.jpg"}],"twitter_card":"summary_large_image","twitter_site":"@JDSUPPORTIT","twitter_misc":{"Tiempo estimado de lectura":"1 minuto"},"schema":{"@context":"https:\/\/schema.org","@graph":[{"@type":"WebPage","@id":"https:\/\/jdsoporte.net\/index.php\/sobre-nosotros\/galeria\/","url":"https:\/\/jdsoporte.net\/index.php\/sobre-nosotros\/galeria\/","name":"Cobertura - JD SPECIALIST - Servicios de TI","isPartOf":{"@id":"https:\/\/jdsoporte.net\/#website"},"datePublished":"2020-03-25T04:08:34+00:00","dateModified":"2021-06-09T13:20:12+00:00","breadcrumb":{"@id":"https:\/\/jdsoporte.net\/index.php\/sobre-nosotros\/galeria\/#breadcrumb"},"inLanguage":"es-CO","potentialAction":[{"@type":"ReadAction","target":["https:\/\/jdsoporte.net\/index.php\/sobre-nosotros\/galeria\/"]}]},{"@type":"BreadcrumbList","@id":"https:\/\/jdsoporte.net\/index.php\/sobre-nosotros\/galeria\/#breadcrumb","itemListElement":[{"@type":"ListItem","position":1,"name":"Home","item":"https:\/\/jdsoporte.net\/"},{"@type":"ListItem","position":2,"name":"Sobre Nosotros","item":"https:\/\/jdsoporte.net\/index.php\/sobre-nosotros\/"},{"@type":"ListItem","position":3,"name":"Cobertura"}]},{"@type":"WebSite","@id":"https:\/\/jdsoporte.net\/#website","url":"https:\/\/jdsoporte.net\/","name":"JD SPECIALIST","description":"","publisher":{"@id":"https:\/\/jdsoporte.net\/#organization"},"potentialAction":[{"@type":"SearchAction","target":{"@type":"EntryPoint","urlTemplate":"https:\/\/jdsoporte.net\/?s={search_term_string}"},"query-input":"required name=search_term_string"}],"inLanguage":"es-CO"},{"@type":"Organization","@id":"https:\/\/jdsoporte.net\/#organization","name":"JD SPECIALIST SAS","url":"https:\/\/jdsoporte.net\/","sameAs":["https:\/\/www.instagram.com\/jdsupportit\/?hl=es","https:\/\/www.facebook.com\/pg\/jdsupportit\/posts\/?ref=page_internal","https:\/\/twitter.com\/JDSUPPORTIT"],"logo":{"@type":"ImageObject","inLanguage":"es-CO","@id":"https:\/\/jdsoporte.net\/#\/schema\/logo\/image\/","url":"https:\/\/jdsoporte.net\/wp-content\/uploads\/2021\/03\/LOGO-PRUEBA-2.png","contentUrl":"https:\/\/jdsoporte.net\/wp-content\/uploads\/2021\/03\/LOGO-PRUEBA-2.png","width":170,"height":117,"caption":"JD SPECIALIST SAS"},"image":{"@id":"https:\/\/jdsoporte.net\/#\/schema\/logo\/image\/"}}]}},"_links":{"self":[{"href":"https:\/\/jdsoporte.net\/index.php\/wp-json\/wp\/v2\/pages\/176"}],"collection":[{"href":"https:\/\/jdsoporte.net\/index.php\/wp-json\/wp\/v2\/pages"}],"about":[{"href":"https:\/\/jdsoporte.net\/index.php\/wp-json\/wp\/v2\/types\/page"}],"author":[{"embeddable":true,"href":"https:\/\/jdsoporte.net\/index.php\/wp-json\/wp\/v2\/users\/1"}],"replies":[{"embeddable":true,"href":"https:\/\/jdsoporte.net\/index.php\/wp-json\/wp\/v2\/comments?post=176"}],"version-history":[{"count":14,"href":"https:\/\/jdsoporte.net\/index.php\/wp-json\/wp\/v2\/pages\/176\/revisions"}],"predecessor-version":[{"id":595,"href":"https:\/\/jdsoporte.net\/index.php\/wp-json\/wp\/v2\/pages\/176\/revisions\/595"}],"up":[{"embeddable":true,"href":"https:\/\/jdsoporte.net\/index.php\/wp-json\/wp\/v2\/pages\/72"}],"wp:attachment":[{"href":"https:\/\/jdsoporte.net\/index.php\/wp-json\/wp\/v2\/media?parent=176"}],"curies":[{"name":"wp","href":"https:\/\/api.w.org\/{rel}","templated":true}]}}