{"id":183,"date":"2020-03-25T04:24:22","date_gmt":"2020-03-25T04:24:22","guid":{"rendered":"https:\/\/jdsoporte.net\/?page_id=183"},"modified":"2022-04-13T20:27:52","modified_gmt":"2022-04-13T20:27:52","slug":"vision-mision","status":"publish","type":"page","link":"https:\/\/jdsoporte.net\/index.php\/sobre-nosotros\/vision-mision\/","title":{"rendered":"Misi\u00f3n &#8211; Visi\u00f3n"},"content":{"rendered":"<p><strong>Misi\u00f3n<\/strong>:<br \/>\nOfrecer nuestros Servicios IT con la m\u00e1s alta calidad, buscando estrategias y soluciones personalizadas para satisfacer las necesidades que de cada uno de nuestros clientes convirti\u00e9ndonos en su mejor aliado a nivel inform\u00e1tico y de telecomunicaciones.<\/p>\n<p><strong>Visi\u00f3n<\/strong>:<br \/>\nSer una empresa l\u00edder en el pa\u00eds asesorando y brindando las mejores soluciones tecnol\u00f3gicas con calidad, garant\u00eda y contando con el mejor respaldo de las grandes marcas.<\/p>\n","protected":false},"excerpt":{"rendered":"<p>Misi\u00f3n: Ofrecer nuestros Servicios IT con la m\u00e1s alta calidad, buscando estrategias y soluciones personalizadas para satisfacer las necesidades que de cada uno de nuestros clientes convirti\u00e9ndonos en su mejor aliado a nivel inform\u00e1tico y de telecomunicaciones. Visi\u00f3n: Ser una empresa l\u00edder en el pa\u00eds asesorando y brindando las mejores soluciones tecnol\u00f3gicas con calidad, garant\u00eda y contando con el mejor respaldo de las grandes marcas.<\/p>\n","protected":false},"author":1,"featured_media":0,"parent":72,"menu_order":1,"comment_status":"closed","ping_status":"closed","template":"page-templates\/template-full-width.php","meta":[],"yoast_head":"<!-- This site is optimized with the Yoast SEO plugin v19.7.1 - https:\/\/yoast.com\/wordpress\/plugins\/seo\/ -->\n<title>Misi\u00f3n - Visi\u00f3n - JD SPECIALIST - Servicios de TI<\/title>\n<meta name=\"description\" content=\"Ofrecer nuestros Servicios IT con la m\u00e1s alta calidad, buscando estrategias y soluciones personalizadas para satisfacer las necesidades que de cada uno de nuestros clientes\" \/>\n<meta name=\"robots\" content=\"index, follow, max-snippet:-1, max-image-preview:large, max-video-preview:-1\" \/>\n<link rel=\"canonical\" href=\"https:\/\/jdsoporte.net\/index.php\/sobre-nosotros\/vision-mision\/\" \/>\n<meta property=\"og:locale\" content=\"es_ES\" \/>\n<meta property=\"og:type\" content=\"article\" \/>\n<meta property=\"og:title\" content=\"Misi\u00f3n - Visi\u00f3n - JD SPECIALIST - Servicios de TI\" \/>\n<meta property=\"og:description\" content=\"Ofrecer nuestros Servicios IT con la m\u00e1s alta calidad, buscando estrategias y soluciones personalizadas para satisfacer las necesidades que de cada uno de nuestros clientes\" \/>\n<meta property=\"og:url\" content=\"https:\/\/jdsoporte.net\/index.php\/sobre-nosotros\/vision-mision\/\" \/>\n<meta property=\"og:site_name\" content=\"JD SPECIALIST - Servicios de TI\" \/>\n<meta property=\"article:publisher\" content=\"https:\/\/www.facebook.com\/pg\/jdsupportit\/posts\/?ref=page_internal\" \/>\n<meta property=\"article:modified_time\" content=\"2022-04-13T20:27:52+00:00\" \/>\n<meta name=\"twitter:card\" content=\"summary_large_image\" \/>\n<meta name=\"twitter:site\" content=\"@JDSUPPORTIT\" \/>\n<script type=\"application\/ld+json\" class=\"yoast-schema-graph\">{\"@context\":\"https:\/\/schema.org\",\"@graph\":[{\"@type\":\"WebPage\",\"@id\":\"https:\/\/jdsoporte.net\/index.php\/sobre-nosotros\/vision-mision\/\",\"url\":\"https:\/\/jdsoporte.net\/index.php\/sobre-nosotros\/vision-mision\/\",\"name\":\"Misi\u00f3n - Visi\u00f3n - JD SPECIALIST - Servicios de TI\",\"isPartOf\":{\"@id\":\"https:\/\/jdsoporte.net\/#website\"},\"datePublished\":\"2020-03-25T04:24:22+00:00\",\"dateModified\":\"2022-04-13T20:27:52+00:00\",\"description\":\"Ofrecer nuestros Servicios IT con la m\u00e1s alta calidad, buscando estrategias y soluciones personalizadas para satisfacer las necesidades que de cada uno de nuestros clientes\",\"breadcrumb\":{\"@id\":\"https:\/\/jdsoporte.net\/index.php\/sobre-nosotros\/vision-mision\/#breadcrumb\"},\"inLanguage\":\"es-CO\",\"potentialAction\":[{\"@type\":\"ReadAction\",\"target\":[\"https:\/\/jdsoporte.net\/index.php\/sobre-nosotros\/vision-mision\/\"]}]},{\"@type\":\"BreadcrumbList\",\"@id\":\"https:\/\/jdsoporte.net\/index.php\/sobre-nosotros\/vision-mision\/#breadcrumb\",\"itemListElement\":[{\"@type\":\"ListItem\",\"position\":1,\"name\":\"Home\",\"item\":\"https:\/\/jdsoporte.net\/\"},{\"@type\":\"ListItem\",\"position\":2,\"name\":\"Sobre Nosotros\",\"item\":\"https:\/\/jdsoporte.net\/index.php\/sobre-nosotros\/\"},{\"@type\":\"ListItem\",\"position\":3,\"name\":\"Misi\u00f3n &#8211; Visi\u00f3n\"}]},{\"@type\":\"WebSite\",\"@id\":\"https:\/\/jdsoporte.net\/#website\",\"url\":\"https:\/\/jdsoporte.net\/\",\"name\":\"JD SPECIALIST\",\"description\":\"\",\"publisher\":{\"@id\":\"https:\/\/jdsoporte.net\/#organization\"},\"potentialAction\":[{\"@type\":\"SearchAction\",\"target\":{\"@type\":\"EntryPoint\",\"urlTemplate\":\"https:\/\/jdsoporte.net\/?s={search_term_string}\"},\"query-input\":\"required name=search_term_string\"}],\"inLanguage\":\"es-CO\"},{\"@type\":\"Organization\",\"@id\":\"https:\/\/jdsoporte.net\/#organization\",\"name\":\"JD SPECIALIST SAS\",\"url\":\"https:\/\/jdsoporte.net\/\",\"sameAs\":[\"https:\/\/www.instagram.com\/jdsupportit\/?hl=es\",\"https:\/\/www.facebook.com\/pg\/jdsupportit\/posts\/?ref=page_internal\",\"https:\/\/twitter.com\/JDSUPPORTIT\"],\"logo\":{\"@type\":\"ImageObject\",\"inLanguage\":\"es-CO\",\"@id\":\"https:\/\/jdsoporte.net\/#\/schema\/logo\/image\/\",\"url\":\"https:\/\/jdsoporte.net\/wp-content\/uploads\/2021\/03\/LOGO-PRUEBA-2.png\",\"contentUrl\":\"https:\/\/jdsoporte.net\/wp-content\/uploads\/2021\/03\/LOGO-PRUEBA-2.png\",\"width\":170,\"height\":117,\"caption\":\"JD SPECIALIST SAS\"},\"image\":{\"@id\":\"https:\/\/jdsoporte.net\/#\/schema\/logo\/image\/\"}}]}<\/script>\n<!-- \/ Yoast SEO plugin. -->","yoast_head_json":{"title":"Misi\u00f3n - Visi\u00f3n - JD SPECIALIST - Servicios de TI","description":"Ofrecer nuestros Servicios IT con la m\u00e1s alta calidad, buscando estrategias y soluciones personalizadas para satisfacer las necesidades que de cada uno de nuestros clientes","robots":{"index":"index","follow":"follow","max-snippet":"max-snippet:-1","max-image-preview":"max-image-preview:large","max-video-preview":"max-video-preview:-1"},"canonical":"https:\/\/jdsoporte.net\/index.php\/sobre-nosotros\/vision-mision\/","og_locale":"es_ES","og_type":"article","og_title":"Misi\u00f3n - Visi\u00f3n - JD SPECIALIST - Servicios de TI","og_description":"Ofrecer nuestros Servicios IT con la m\u00e1s alta calidad, buscando estrategias y soluciones personalizadas para satisfacer las necesidades que de cada uno de nuestros clientes","og_url":"https:\/\/jdsoporte.net\/index.php\/sobre-nosotros\/vision-mision\/","og_site_name":"JD SPECIALIST - Servicios de TI","article_publisher":"https:\/\/www.facebook.com\/pg\/jdsupportit\/posts\/?ref=page_internal","article_modified_time":"2022-04-13T20:27:52+00:00","twitter_card":"summary_large_image","twitter_site":"@JDSUPPORTIT","schema":{"@context":"https:\/\/schema.org","@graph":[{"@type":"WebPage","@id":"https:\/\/jdsoporte.net\/index.php\/sobre-nosotros\/vision-mision\/","url":"https:\/\/jdsoporte.net\/index.php\/sobre-nosotros\/vision-mision\/","name":"Misi\u00f3n - Visi\u00f3n - JD SPECIALIST - Servicios de TI","isPartOf":{"@id":"https:\/\/jdsoporte.net\/#website"},"datePublished":"2020-03-25T04:24:22+00:00","dateModified":"2022-04-13T20:27:52+00:00","description":"Ofrecer nuestros Servicios IT con la m\u00e1s alta calidad, buscando estrategias y soluciones personalizadas para satisfacer las necesidades que de cada uno de nuestros clientes","breadcrumb":{"@id":"https:\/\/jdsoporte.net\/index.php\/sobre-nosotros\/vision-mision\/#breadcrumb"},"inLanguage":"es-CO","potentialAction":[{"@type":"ReadAction","target":["https:\/\/jdsoporte.net\/index.php\/sobre-nosotros\/vision-mision\/"]}]},{"@type":"BreadcrumbList","@id":"https:\/\/jdsoporte.net\/index.php\/sobre-nosotros\/vision-mision\/#breadcrumb","itemListElement":[{"@type":"ListItem","position":1,"name":"Home","item":"https:\/\/jdsoporte.net\/"},{"@type":"ListItem","position":2,"name":"Sobre Nosotros","item":"https:\/\/jdsoporte.net\/index.php\/sobre-nosotros\/"},{"@type":"ListItem","position":3,"name":"Misi\u00f3n &#8211; Visi\u00f3n"}]},{"@type":"WebSite","@id":"https:\/\/jdsoporte.net\/#website","url":"https:\/\/jdsoporte.net\/","name":"JD SPECIALIST","description":"","publisher":{"@id":"https:\/\/jdsoporte.net\/#organization"},"potentialAction":[{"@type":"SearchAction","target":{"@type":"EntryPoint","urlTemplate":"https:\/\/jdsoporte.net\/?s={search_term_string}"},"query-input":"required name=search_term_string"}],"inLanguage":"es-CO"},{"@type":"Organization","@id":"https:\/\/jdsoporte.net\/#organization","name":"JD SPECIALIST SAS","url":"https:\/\/jdsoporte.net\/","sameAs":["https:\/\/www.instagram.com\/jdsupportit\/?hl=es","https:\/\/www.facebook.com\/pg\/jdsupportit\/posts\/?ref=page_internal","https:\/\/twitter.com\/JDSUPPORTIT"],"logo":{"@type":"ImageObject","inLanguage":"es-CO","@id":"https:\/\/jdsoporte.net\/#\/schema\/logo\/image\/","url":"https:\/\/jdsoporte.net\/wp-content\/uploads\/2021\/03\/LOGO-PRUEBA-2.png","contentUrl":"https:\/\/jdsoporte.net\/wp-content\/uploads\/2021\/03\/LOGO-PRUEBA-2.png","width":170,"height":117,"caption":"JD SPECIALIST SAS"},"image":{"@id":"https:\/\/jdsoporte.net\/#\/schema\/logo\/image\/"}}]}},"_links":{"self":[{"href":"https:\/\/jdsoporte.net\/index.php\/wp-json\/wp\/v2\/pages\/183"}],"collection":[{"href":"https:\/\/jdsoporte.net\/index.php\/wp-json\/wp\/v2\/pages"}],"about":[{"href":"https:\/\/jdsoporte.net\/index.php\/wp-json\/wp\/v2\/types\/page"}],"author":[{"embeddable":true,"href":"https:\/\/jdsoporte.net\/index.php\/wp-json\/wp\/v2\/users\/1"}],"replies":[{"embeddable":true,"href":"https:\/\/jdsoporte.net\/index.php\/wp-json\/wp\/v2\/comments?post=183"}],"version-history":[{"count":5,"href":"https:\/\/jdsoporte.net\/index.php\/wp-json\/wp\/v2\/pages\/183\/revisions"}],"predecessor-version":[{"id":498,"href":"https:\/\/jdsoporte.net\/index.php\/wp-json\/wp\/v2\/pages\/183\/revisions\/498"}],"up":[{"embeddable":true,"href":"https:\/\/jdsoporte.net\/index.php\/wp-json\/wp\/v2\/pages\/72"}],"wp:attachment":[{"href":"https:\/\/jdsoporte.net\/index.php\/wp-json\/wp\/v2\/media?parent=183"}],"curies":[{"name":"wp","href":"https:\/\/api.w.org\/{rel}","templated":true}]}}