{"id":604,"date":"2021-11-18T01:50:47","date_gmt":"2021-11-18T01:50:47","guid":{"rendered":"https:\/\/jdsoporte.net\/?page_id=604"},"modified":"2022-04-14T23:01:31","modified_gmt":"2022-04-14T23:01:31","slug":"wifi-como-servicio","status":"publish","type":"page","link":"https:\/\/jdsoporte.net\/index.php\/nuestros-servicios\/wifi-como-servicio\/","title":{"rendered":"WiFi como servicio"},"content":{"rendered":"<h3>Wifi como servicio (Wi-Fi as a Service)<\/h3>\n<p>Basado en el modelo de suscripci\u00f3n, JD SPECIALIST ofrece a las empresas de todos los tama\u00f1os y sectores una conexi\u00f3n optimizada, con flujo continuo y sin interrupci\u00f3n por medio de herramientas apropiadas. Este Servicio se basa en la combinaci\u00f3n de tres elementos principales: infraestructura, software y servicios gestionados, todos incluidos dentro de la misma suscripci\u00f3n:<br \/>\n&#8211; Infraestructura: todo el hardware (Puntos de acceso), Switches (Si aplica), cableado estructurado y materiales de instalaci\u00f3n que sean necesario en su implementaci\u00f3n.<br \/>\n&#8211; Software: la gesti\u00f3n de red se realiza de forma centralizada, con visibilidad en tiempo real;<br \/>\n&#8211; Servicios Gestionados: monitoreo y soluci\u00f3n de problemas 24 horas al d\u00eda, 7 d\u00edas a la semana, por parte JD SPECIALIST como su proveedor de servicio. Adem\u00e1s de las actualizaciones y opciones avanzadas.<\/p>\n<h4>Ventajas:<\/h4>\n<ol>\n<li>Reducci\u00f3n de costos:<\/li>\n<\/ol>\n<p>Como cualquier servicio en la Nube, el Wi-Fi as a Service exige inversiones mucho m\u00e1s peque\u00f1as por parte de las empresas para su implementaci\u00f3n. Adem\u00e1s, no es necesario gastar en mantenimiento y actualizaciones. La forma de pago es mensual, lo que puede ayudar a mejorar su flujo de caja.<\/p>\n<ol start=\"2\">\n<li>Flexibilidad:<\/li>\n<\/ol>\n<p>Adem\u00e1s de ser m\u00e1s econ\u00f3mico, el sistema de suscripci\u00f3n permite una mayor flexibilidad. Pueden aumentar o disminuir los recursos utilizados de acuerdo con sus demandas. El servicio es totalmente escalable, es decir, nos amoldamos a sus necesidades, por ejemplo, en fechas donde la demanda del servicio puede ser m\u00e1s alta, como por ejemplo fechas de temporadas altas.<\/p>\n<ol start=\"3\">\n<li>Optimizaci\u00f3n de la experiencia de los clientes:<\/li>\n<\/ol>\n<p>Con el Wi-Fi as a Service, la empresa no necesita preocuparse por per\u00edodos de indisponibilidad y ca\u00eddas de la conexi\u00f3n. JD SPECIALIST ser\u00e1 el responsable de mantener la calidad del servicio prestado. De ese modo, cualquier problema lo resuelven r\u00e1pidamente nuestros ingenieros especializados.<\/p>\n<ol start=\"4\">\n<li>Seguridad reforzada:<\/li>\n<\/ol>\n<p>Con este servicio no debe preocuparse de que personas ajenas accedan a su red corporativa e incluso hagan uso del ancho de banda, solo las personas o dispositivos autorizados van a poder acceder su conexi\u00f3n Wifi. Si su actividad econ\u00f3mica tiene como principal objeto la atenci\u00f3n del p\u00fablico, podemos definir m\u00faltiples maneras de conexi\u00f3n para que solo sus clientes hagan uso del servicio de Internet.<\/p>\n<p><img loading=\"lazy\" class=\"wp-image-676 size-full aligncenter\" src=\"https:\/\/jdsoporte.net\/wp-content\/uploads\/2021\/11\/Sin-titulo-4.jpg\" alt=\"\" width=\"943\" height=\"659\" srcset=\"https:\/\/jdsoporte.net\/wp-content\/uploads\/2021\/11\/Sin-titulo-4.jpg 943w, https:\/\/jdsoporte.net\/wp-content\/uploads\/2021\/11\/Sin-titulo-4-300x210.jpg 300w, https:\/\/jdsoporte.net\/wp-content\/uploads\/2021\/11\/Sin-titulo-4-768x537.jpg 768w\" sizes=\"(max-width: 943px) 100vw, 943px\" \/> <img loading=\"lazy\" class=\"wp-image-677 size-full aligncenter\" src=\"https:\/\/jdsoporte.net\/wp-content\/uploads\/2021\/11\/Sin-titulo-5.jpg\" alt=\"\" width=\"943\" height=\"659\" srcset=\"https:\/\/jdsoporte.net\/wp-content\/uploads\/2021\/11\/Sin-titulo-5.jpg 943w, https:\/\/jdsoporte.net\/wp-content\/uploads\/2021\/11\/Sin-titulo-5-300x210.jpg 300w, https:\/\/jdsoporte.net\/wp-content\/uploads\/2021\/11\/Sin-titulo-5-768x537.jpg 768w\" sizes=\"(max-width: 943px) 100vw, 943px\" \/><\/p>\n","protected":false},"excerpt":{"rendered":"<p>Wifi como servicio (Wi-Fi as a Service) Basado en el modelo de suscripci\u00f3n, JD SPECIALIST ofrece a las empresas de todos los tama\u00f1os y sectores una conexi\u00f3n optimizada, con flujo continuo y sin interrupci\u00f3n por medio de herramientas apropiadas. Este Servicio se basa en la combinaci\u00f3n de tres elementos principales: infraestructura, software y servicios gestionados, todos incluidos dentro de la misma suscripci\u00f3n: &#8211; Infraestructura: todo el hardware (Puntos de acceso), Switches (Si aplica), cableado estructurado y materiales de instalaci\u00f3n que sean necesario en su implementaci\u00f3n. &#8211; Software: la gesti\u00f3n de red se realiza de forma centralizada, con visibilidad en tiempo&#8230; <\/p>\n","protected":false},"author":1,"featured_media":0,"parent":101,"menu_order":0,"comment_status":"closed","ping_status":"closed","template":"","meta":[],"yoast_head":"<!-- This site is optimized with the Yoast SEO plugin v19.7.1 - https:\/\/yoast.com\/wordpress\/plugins\/seo\/ -->\n<title>WiFi como servicio - JD SPECIALIST - Servicios de TI<\/title>\n<meta name=\"robots\" content=\"index, follow, max-snippet:-1, max-image-preview:large, max-video-preview:-1\" \/>\n<link rel=\"canonical\" href=\"https:\/\/jdsoporte.net\/index.php\/nuestros-servicios\/wifi-como-servicio\/\" \/>\n<meta property=\"og:locale\" content=\"es_ES\" \/>\n<meta property=\"og:type\" content=\"article\" \/>\n<meta property=\"og:title\" content=\"WiFi como servicio - JD SPECIALIST - Servicios de TI\" \/>\n<meta property=\"og:description\" content=\"Wifi como servicio (Wi-Fi as a Service) Basado en el modelo de suscripci\u00f3n, JD SPECIALIST ofrece a las empresas de todos los tama\u00f1os y sectores una conexi\u00f3n optimizada, con flujo continuo y sin interrupci\u00f3n por medio de herramientas apropiadas. Este Servicio se basa en la combinaci\u00f3n de tres elementos principales: infraestructura, software y servicios gestionados, todos incluidos dentro de la misma suscripci\u00f3n: &#8211; Infraestructura: todo el hardware (Puntos de acceso), Switches (Si aplica), cableado estructurado y materiales de instalaci\u00f3n que sean necesario en su implementaci\u00f3n. &#8211; Software: la gesti\u00f3n de red se realiza de forma centralizada, con visibilidad en tiempo...\" \/>\n<meta property=\"og:url\" content=\"https:\/\/jdsoporte.net\/index.php\/nuestros-servicios\/wifi-como-servicio\/\" \/>\n<meta property=\"og:site_name\" content=\"JD SPECIALIST - Servicios de TI\" \/>\n<meta property=\"article:publisher\" content=\"https:\/\/www.facebook.com\/pg\/jdsupportit\/posts\/?ref=page_internal\" \/>\n<meta property=\"article:modified_time\" content=\"2022-04-14T23:01:31+00:00\" \/>\n<meta property=\"og:image\" content=\"https:\/\/jdsoporte.net\/wp-content\/uploads\/2021\/11\/Sin-titulo-4.jpg\" \/>\n<meta name=\"twitter:card\" content=\"summary_large_image\" \/>\n<meta name=\"twitter:site\" content=\"@JDSUPPORTIT\" \/>\n<meta name=\"twitter:label1\" content=\"Tiempo estimado de lectura\" \/>\n\t<meta name=\"twitter:data1\" content=\"2 minutos\" \/>\n<script type=\"application\/ld+json\" class=\"yoast-schema-graph\">{\"@context\":\"https:\/\/schema.org\",\"@graph\":[{\"@type\":\"WebPage\",\"@id\":\"https:\/\/jdsoporte.net\/index.php\/nuestros-servicios\/wifi-como-servicio\/\",\"url\":\"https:\/\/jdsoporte.net\/index.php\/nuestros-servicios\/wifi-como-servicio\/\",\"name\":\"WiFi como servicio - JD SPECIALIST - Servicios de TI\",\"isPartOf\":{\"@id\":\"https:\/\/jdsoporte.net\/#website\"},\"datePublished\":\"2021-11-18T01:50:47+00:00\",\"dateModified\":\"2022-04-14T23:01:31+00:00\",\"breadcrumb\":{\"@id\":\"https:\/\/jdsoporte.net\/index.php\/nuestros-servicios\/wifi-como-servicio\/#breadcrumb\"},\"inLanguage\":\"es-CO\",\"potentialAction\":[{\"@type\":\"ReadAction\",\"target\":[\"https:\/\/jdsoporte.net\/index.php\/nuestros-servicios\/wifi-como-servicio\/\"]}]},{\"@type\":\"BreadcrumbList\",\"@id\":\"https:\/\/jdsoporte.net\/index.php\/nuestros-servicios\/wifi-como-servicio\/#breadcrumb\",\"itemListElement\":[{\"@type\":\"ListItem\",\"position\":1,\"name\":\"Home\",\"item\":\"https:\/\/jdsoporte.net\/\"},{\"@type\":\"ListItem\",\"position\":2,\"name\":\"Servicios\",\"item\":\"https:\/\/jdsoporte.net\/index.php\/nuestros-servicios\/\"},{\"@type\":\"ListItem\",\"position\":3,\"name\":\"WiFi como servicio\"}]},{\"@type\":\"WebSite\",\"@id\":\"https:\/\/jdsoporte.net\/#website\",\"url\":\"https:\/\/jdsoporte.net\/\",\"name\":\"JD SPECIALIST\",\"description\":\"\",\"publisher\":{\"@id\":\"https:\/\/jdsoporte.net\/#organization\"},\"potentialAction\":[{\"@type\":\"SearchAction\",\"target\":{\"@type\":\"EntryPoint\",\"urlTemplate\":\"https:\/\/jdsoporte.net\/?s={search_term_string}\"},\"query-input\":\"required name=search_term_string\"}],\"inLanguage\":\"es-CO\"},{\"@type\":\"Organization\",\"@id\":\"https:\/\/jdsoporte.net\/#organization\",\"name\":\"JD SPECIALIST SAS\",\"url\":\"https:\/\/jdsoporte.net\/\",\"sameAs\":[\"https:\/\/www.instagram.com\/jdsupportit\/?hl=es\",\"https:\/\/www.facebook.com\/pg\/jdsupportit\/posts\/?ref=page_internal\",\"https:\/\/twitter.com\/JDSUPPORTIT\"],\"logo\":{\"@type\":\"ImageObject\",\"inLanguage\":\"es-CO\",\"@id\":\"https:\/\/jdsoporte.net\/#\/schema\/logo\/image\/\",\"url\":\"https:\/\/jdsoporte.net\/wp-content\/uploads\/2021\/03\/LOGO-PRUEBA-2.png\",\"contentUrl\":\"https:\/\/jdsoporte.net\/wp-content\/uploads\/2021\/03\/LOGO-PRUEBA-2.png\",\"width\":170,\"height\":117,\"caption\":\"JD SPECIALIST SAS\"},\"image\":{\"@id\":\"https:\/\/jdsoporte.net\/#\/schema\/logo\/image\/\"}}]}<\/script>\n<!-- \/ Yoast SEO plugin. -->","yoast_head_json":{"title":"WiFi como servicio - JD SPECIALIST - Servicios de TI","robots":{"index":"index","follow":"follow","max-snippet":"max-snippet:-1","max-image-preview":"max-image-preview:large","max-video-preview":"max-video-preview:-1"},"canonical":"https:\/\/jdsoporte.net\/index.php\/nuestros-servicios\/wifi-como-servicio\/","og_locale":"es_ES","og_type":"article","og_title":"WiFi como servicio - JD SPECIALIST - Servicios de TI","og_description":"Wifi como servicio (Wi-Fi as a Service) Basado en el modelo de suscripci\u00f3n, JD SPECIALIST ofrece a las empresas de todos los tama\u00f1os y sectores una conexi\u00f3n optimizada, con flujo continuo y sin interrupci\u00f3n por medio de herramientas apropiadas. Este Servicio se basa en la combinaci\u00f3n de tres elementos principales: infraestructura, software y servicios gestionados, todos incluidos dentro de la misma suscripci\u00f3n: &#8211; Infraestructura: todo el hardware (Puntos de acceso), Switches (Si aplica), cableado estructurado y materiales de instalaci\u00f3n que sean necesario en su implementaci\u00f3n. &#8211; Software: la gesti\u00f3n de red se realiza de forma centralizada, con visibilidad en tiempo...","og_url":"https:\/\/jdsoporte.net\/index.php\/nuestros-servicios\/wifi-como-servicio\/","og_site_name":"JD SPECIALIST - Servicios de TI","article_publisher":"https:\/\/www.facebook.com\/pg\/jdsupportit\/posts\/?ref=page_internal","article_modified_time":"2022-04-14T23:01:31+00:00","og_image":[{"url":"https:\/\/jdsoporte.net\/wp-content\/uploads\/2021\/11\/Sin-titulo-4.jpg"}],"twitter_card":"summary_large_image","twitter_site":"@JDSUPPORTIT","twitter_misc":{"Tiempo estimado de lectura":"2 minutos"},"schema":{"@context":"https:\/\/schema.org","@graph":[{"@type":"WebPage","@id":"https:\/\/jdsoporte.net\/index.php\/nuestros-servicios\/wifi-como-servicio\/","url":"https:\/\/jdsoporte.net\/index.php\/nuestros-servicios\/wifi-como-servicio\/","name":"WiFi como servicio - JD SPECIALIST - Servicios de TI","isPartOf":{"@id":"https:\/\/jdsoporte.net\/#website"},"datePublished":"2021-11-18T01:50:47+00:00","dateModified":"2022-04-14T23:01:31+00:00","breadcrumb":{"@id":"https:\/\/jdsoporte.net\/index.php\/nuestros-servicios\/wifi-como-servicio\/#breadcrumb"},"inLanguage":"es-CO","potentialAction":[{"@type":"ReadAction","target":["https:\/\/jdsoporte.net\/index.php\/nuestros-servicios\/wifi-como-servicio\/"]}]},{"@type":"BreadcrumbList","@id":"https:\/\/jdsoporte.net\/index.php\/nuestros-servicios\/wifi-como-servicio\/#breadcrumb","itemListElement":[{"@type":"ListItem","position":1,"name":"Home","item":"https:\/\/jdsoporte.net\/"},{"@type":"ListItem","position":2,"name":"Servicios","item":"https:\/\/jdsoporte.net\/index.php\/nuestros-servicios\/"},{"@type":"ListItem","position":3,"name":"WiFi como servicio"}]},{"@type":"WebSite","@id":"https:\/\/jdsoporte.net\/#website","url":"https:\/\/jdsoporte.net\/","name":"JD SPECIALIST","description":"","publisher":{"@id":"https:\/\/jdsoporte.net\/#organization"},"potentialAction":[{"@type":"SearchAction","target":{"@type":"EntryPoint","urlTemplate":"https:\/\/jdsoporte.net\/?s={search_term_string}"},"query-input":"required name=search_term_string"}],"inLanguage":"es-CO"},{"@type":"Organization","@id":"https:\/\/jdsoporte.net\/#organization","name":"JD SPECIALIST SAS","url":"https:\/\/jdsoporte.net\/","sameAs":["https:\/\/www.instagram.com\/jdsupportit\/?hl=es","https:\/\/www.facebook.com\/pg\/jdsupportit\/posts\/?ref=page_internal","https:\/\/twitter.com\/JDSUPPORTIT"],"logo":{"@type":"ImageObject","inLanguage":"es-CO","@id":"https:\/\/jdsoporte.net\/#\/schema\/logo\/image\/","url":"https:\/\/jdsoporte.net\/wp-content\/uploads\/2021\/03\/LOGO-PRUEBA-2.png","contentUrl":"https:\/\/jdsoporte.net\/wp-content\/uploads\/2021\/03\/LOGO-PRUEBA-2.png","width":170,"height":117,"caption":"JD SPECIALIST SAS"},"image":{"@id":"https:\/\/jdsoporte.net\/#\/schema\/logo\/image\/"}}]}},"_links":{"self":[{"href":"https:\/\/jdsoporte.net\/index.php\/wp-json\/wp\/v2\/pages\/604"}],"collection":[{"href":"https:\/\/jdsoporte.net\/index.php\/wp-json\/wp\/v2\/pages"}],"about":[{"href":"https:\/\/jdsoporte.net\/index.php\/wp-json\/wp\/v2\/types\/page"}],"author":[{"embeddable":true,"href":"https:\/\/jdsoporte.net\/index.php\/wp-json\/wp\/v2\/users\/1"}],"replies":[{"embeddable":true,"href":"https:\/\/jdsoporte.net\/index.php\/wp-json\/wp\/v2\/comments?post=604"}],"version-history":[{"count":5,"href":"https:\/\/jdsoporte.net\/index.php\/wp-json\/wp\/v2\/pages\/604\/revisions"}],"predecessor-version":[{"id":698,"href":"https:\/\/jdsoporte.net\/index.php\/wp-json\/wp\/v2\/pages\/604\/revisions\/698"}],"up":[{"embeddable":true,"href":"https:\/\/jdsoporte.net\/index.php\/wp-json\/wp\/v2\/pages\/101"}],"wp:attachment":[{"href":"https:\/\/jdsoporte.net\/index.php\/wp-json\/wp\/v2\/media?parent=604"}],"curies":[{"name":"wp","href":"https:\/\/api.w.org\/{rel}","templated":true}]}}