{"id":72,"date":"2020-03-24T02:45:26","date_gmt":"2020-03-24T02:45:26","guid":{"rendered":"https:\/\/jdsoporte.net\/?page_id=72"},"modified":"2021-11-21T16:28:47","modified_gmt":"2021-11-21T16:28:47","slug":"sobre-nosotros","status":"publish","type":"page","link":"https:\/\/jdsoporte.net\/index.php\/sobre-nosotros\/","title":{"rendered":"Sobre Nosotros"},"content":{"rendered":"<p><strong>Somos una empresa de tecnolog\u00eda con 11 a\u00f1os en el mercado Colombiano. <\/strong> Nuestra compa\u00f1\u00eda, con sede principal en la ciudad de Bogot\u00e1, fundada en el a\u00f1o 2010, ofrece una gran variedad de servicios tecnol\u00f3gicos, soportada en el compromiso, el profesionalismo y su excelente atenci\u00f3n al cliente. Tenemos clientes en gran parte del territorio Colombiano, supliendo as\u00ed la necesidad en casi cualquier regi\u00f3n del pa\u00eds.<\/p>\n","protected":false},"excerpt":{"rendered":"<p>Somos una empresa de tecnolog\u00eda con 11 a\u00f1os en el mercado Colombiano. Nuestra compa\u00f1\u00eda, con sede principal en la ciudad de Bogot\u00e1, fundada en el a\u00f1o 2010, ofrece una gran variedad de servicios tecnol\u00f3gicos, soportada en el compromiso, el profesionalismo y su excelente atenci\u00f3n al cliente. Tenemos clientes en gran parte del territorio Colombiano, supliendo as\u00ed la necesidad en casi cualquier regi\u00f3n del pa\u00eds.<\/p>\n","protected":false},"author":1,"featured_media":0,"parent":0,"menu_order":1,"comment_status":"closed","ping_status":"closed","template":"page-templates\/template-event-listing.php","meta":[],"yoast_head":"<!-- This site is optimized with the Yoast SEO plugin v19.7.1 - https:\/\/yoast.com\/wordpress\/plugins\/seo\/ -->\n<title>Sobre Nosotros - JD SPECIALIST - Servicios de TI<\/title>\n<meta name=\"robots\" content=\"index, follow, max-snippet:-1, max-image-preview:large, max-video-preview:-1\" \/>\n<link rel=\"canonical\" href=\"https:\/\/jdsoporte.net\/index.php\/sobre-nosotros\/\" \/>\n<meta property=\"og:locale\" content=\"es_ES\" \/>\n<meta property=\"og:type\" content=\"article\" \/>\n<meta property=\"og:title\" content=\"Sobre Nosotros - JD SPECIALIST - Servicios de TI\" \/>\n<meta property=\"og:description\" content=\"Somos una empresa de tecnolog\u00eda con 11 a\u00f1os en el mercado Colombiano. Nuestra compa\u00f1\u00eda, con sede principal en la ciudad de Bogot\u00e1, fundada en el a\u00f1o 2010, ofrece una gran variedad de servicios tecnol\u00f3gicos, soportada en el compromiso, el profesionalismo y su excelente atenci\u00f3n al cliente. Tenemos clientes en gran parte del territorio Colombiano, supliendo as\u00ed la necesidad en casi cualquier regi\u00f3n del pa\u00eds.\" \/>\n<meta property=\"og:url\" content=\"https:\/\/jdsoporte.net\/index.php\/sobre-nosotros\/\" \/>\n<meta property=\"og:site_name\" content=\"JD SPECIALIST - Servicios de TI\" \/>\n<meta property=\"article:publisher\" content=\"https:\/\/www.facebook.com\/pg\/jdsupportit\/posts\/?ref=page_internal\" \/>\n<meta property=\"article:modified_time\" content=\"2021-11-21T16:28:47+00:00\" \/>\n<meta name=\"twitter:card\" content=\"summary_large_image\" \/>\n<meta name=\"twitter:site\" content=\"@JDSUPPORTIT\" \/>\n<script type=\"application\/ld+json\" class=\"yoast-schema-graph\">{\"@context\":\"https:\/\/schema.org\",\"@graph\":[{\"@type\":\"WebPage\",\"@id\":\"https:\/\/jdsoporte.net\/index.php\/sobre-nosotros\/\",\"url\":\"https:\/\/jdsoporte.net\/index.php\/sobre-nosotros\/\",\"name\":\"Sobre Nosotros - JD SPECIALIST - Servicios de TI\",\"isPartOf\":{\"@id\":\"https:\/\/jdsoporte.net\/#website\"},\"datePublished\":\"2020-03-24T02:45:26+00:00\",\"dateModified\":\"2021-11-21T16:28:47+00:00\",\"breadcrumb\":{\"@id\":\"https:\/\/jdsoporte.net\/index.php\/sobre-nosotros\/#breadcrumb\"},\"inLanguage\":\"es-CO\",\"potentialAction\":[{\"@type\":\"ReadAction\",\"target\":[\"https:\/\/jdsoporte.net\/index.php\/sobre-nosotros\/\"]}]},{\"@type\":\"BreadcrumbList\",\"@id\":\"https:\/\/jdsoporte.net\/index.php\/sobre-nosotros\/#breadcrumb\",\"itemListElement\":[{\"@type\":\"ListItem\",\"position\":1,\"name\":\"Home\",\"item\":\"https:\/\/jdsoporte.net\/\"},{\"@type\":\"ListItem\",\"position\":2,\"name\":\"Sobre Nosotros\"}]},{\"@type\":\"WebSite\",\"@id\":\"https:\/\/jdsoporte.net\/#website\",\"url\":\"https:\/\/jdsoporte.net\/\",\"name\":\"JD SPECIALIST\",\"description\":\"\",\"publisher\":{\"@id\":\"https:\/\/jdsoporte.net\/#organization\"},\"potentialAction\":[{\"@type\":\"SearchAction\",\"target\":{\"@type\":\"EntryPoint\",\"urlTemplate\":\"https:\/\/jdsoporte.net\/?s={search_term_string}\"},\"query-input\":\"required name=search_term_string\"}],\"inLanguage\":\"es-CO\"},{\"@type\":\"Organization\",\"@id\":\"https:\/\/jdsoporte.net\/#organization\",\"name\":\"JD SPECIALIST SAS\",\"url\":\"https:\/\/jdsoporte.net\/\",\"sameAs\":[\"https:\/\/www.instagram.com\/jdsupportit\/?hl=es\",\"https:\/\/www.facebook.com\/pg\/jdsupportit\/posts\/?ref=page_internal\",\"https:\/\/twitter.com\/JDSUPPORTIT\"],\"logo\":{\"@type\":\"ImageObject\",\"inLanguage\":\"es-CO\",\"@id\":\"https:\/\/jdsoporte.net\/#\/schema\/logo\/image\/\",\"url\":\"https:\/\/jdsoporte.net\/wp-content\/uploads\/2021\/03\/LOGO-PRUEBA-2.png\",\"contentUrl\":\"https:\/\/jdsoporte.net\/wp-content\/uploads\/2021\/03\/LOGO-PRUEBA-2.png\",\"width\":170,\"height\":117,\"caption\":\"JD SPECIALIST SAS\"},\"image\":{\"@id\":\"https:\/\/jdsoporte.net\/#\/schema\/logo\/image\/\"}}]}<\/script>\n<!-- \/ Yoast SEO plugin. -->","yoast_head_json":{"title":"Sobre Nosotros - JD SPECIALIST - Servicios de TI","robots":{"index":"index","follow":"follow","max-snippet":"max-snippet:-1","max-image-preview":"max-image-preview:large","max-video-preview":"max-video-preview:-1"},"canonical":"https:\/\/jdsoporte.net\/index.php\/sobre-nosotros\/","og_locale":"es_ES","og_type":"article","og_title":"Sobre Nosotros - JD SPECIALIST - Servicios de TI","og_description":"Somos una empresa de tecnolog\u00eda con 11 a\u00f1os en el mercado Colombiano. Nuestra compa\u00f1\u00eda, con sede principal en la ciudad de Bogot\u00e1, fundada en el a\u00f1o 2010, ofrece una gran variedad de servicios tecnol\u00f3gicos, soportada en el compromiso, el profesionalismo y su excelente atenci\u00f3n al cliente. Tenemos clientes en gran parte del territorio Colombiano, supliendo as\u00ed la necesidad en casi cualquier regi\u00f3n del pa\u00eds.","og_url":"https:\/\/jdsoporte.net\/index.php\/sobre-nosotros\/","og_site_name":"JD SPECIALIST - Servicios de TI","article_publisher":"https:\/\/www.facebook.com\/pg\/jdsupportit\/posts\/?ref=page_internal","article_modified_time":"2021-11-21T16:28:47+00:00","twitter_card":"summary_large_image","twitter_site":"@JDSUPPORTIT","schema":{"@context":"https:\/\/schema.org","@graph":[{"@type":"WebPage","@id":"https:\/\/jdsoporte.net\/index.php\/sobre-nosotros\/","url":"https:\/\/jdsoporte.net\/index.php\/sobre-nosotros\/","name":"Sobre Nosotros - JD SPECIALIST - Servicios de TI","isPartOf":{"@id":"https:\/\/jdsoporte.net\/#website"},"datePublished":"2020-03-24T02:45:26+00:00","dateModified":"2021-11-21T16:28:47+00:00","breadcrumb":{"@id":"https:\/\/jdsoporte.net\/index.php\/sobre-nosotros\/#breadcrumb"},"inLanguage":"es-CO","potentialAction":[{"@type":"ReadAction","target":["https:\/\/jdsoporte.net\/index.php\/sobre-nosotros\/"]}]},{"@type":"BreadcrumbList","@id":"https:\/\/jdsoporte.net\/index.php\/sobre-nosotros\/#breadcrumb","itemListElement":[{"@type":"ListItem","position":1,"name":"Home","item":"https:\/\/jdsoporte.net\/"},{"@type":"ListItem","position":2,"name":"Sobre Nosotros"}]},{"@type":"WebSite","@id":"https:\/\/jdsoporte.net\/#website","url":"https:\/\/jdsoporte.net\/","name":"JD SPECIALIST","description":"","publisher":{"@id":"https:\/\/jdsoporte.net\/#organization"},"potentialAction":[{"@type":"SearchAction","target":{"@type":"EntryPoint","urlTemplate":"https:\/\/jdsoporte.net\/?s={search_term_string}"},"query-input":"required name=search_term_string"}],"inLanguage":"es-CO"},{"@type":"Organization","@id":"https:\/\/jdsoporte.net\/#organization","name":"JD SPECIALIST SAS","url":"https:\/\/jdsoporte.net\/","sameAs":["https:\/\/www.instagram.com\/jdsupportit\/?hl=es","https:\/\/www.facebook.com\/pg\/jdsupportit\/posts\/?ref=page_internal","https:\/\/twitter.com\/JDSUPPORTIT"],"logo":{"@type":"ImageObject","inLanguage":"es-CO","@id":"https:\/\/jdsoporte.net\/#\/schema\/logo\/image\/","url":"https:\/\/jdsoporte.net\/wp-content\/uploads\/2021\/03\/LOGO-PRUEBA-2.png","contentUrl":"https:\/\/jdsoporte.net\/wp-content\/uploads\/2021\/03\/LOGO-PRUEBA-2.png","width":170,"height":117,"caption":"JD SPECIALIST SAS"},"image":{"@id":"https:\/\/jdsoporte.net\/#\/schema\/logo\/image\/"}}]}},"_links":{"self":[{"href":"https:\/\/jdsoporte.net\/index.php\/wp-json\/wp\/v2\/pages\/72"}],"collection":[{"href":"https:\/\/jdsoporte.net\/index.php\/wp-json\/wp\/v2\/pages"}],"about":[{"href":"https:\/\/jdsoporte.net\/index.php\/wp-json\/wp\/v2\/types\/page"}],"author":[{"embeddable":true,"href":"https:\/\/jdsoporte.net\/index.php\/wp-json\/wp\/v2\/users\/1"}],"replies":[{"embeddable":true,"href":"https:\/\/jdsoporte.net\/index.php\/wp-json\/wp\/v2\/comments?post=72"}],"version-history":[{"count":6,"href":"https:\/\/jdsoporte.net\/index.php\/wp-json\/wp\/v2\/pages\/72\/revisions"}],"predecessor-version":[{"id":528,"href":"https:\/\/jdsoporte.net\/index.php\/wp-json\/wp\/v2\/pages\/72\/revisions\/528"}],"wp:attachment":[{"href":"https:\/\/jdsoporte.net\/index.php\/wp-json\/wp\/v2\/media?parent=72"}],"curies":[{"name":"wp","href":"https:\/\/api.w.org\/{rel}","templated":true}]}}